{"id":22695,"date":"2019-09-27T12:32:03","date_gmt":"2019-09-27T10:32:03","guid":{"rendered":"https:\/\/www.evaballarin.com\/contacto\/"},"modified":"2019-12-19T19:15:05","modified_gmt":"2019-12-19T18:15:05","slug":"contact","status":"publish","type":"page","link":"https:\/\/www.evaballarin.com\/en\/contact\/","title":{"rendered":"Contact"},"content":{"rendered":"<section class=\"wpb-content-wrapper\"><p>[vc_row el_class=&#8221;vc_hidden-lg vc_hidden-md&#8221;][vc_column][vc_single_image image=&#8221;23395&#8243; img_size=&#8221;full&#8221; alignment=&#8221;center&#8221; style=&#8221;vc_box_rounded&#8221;][\/vc_column][\/vc_row][vc_row][vc_column width=&#8221;2\/3&#8243;][vc_column_text]Write your message here to contact me and I will attend you as soon as possible.<\/p>\n<div class=\"wpcf7 no-js\" id=\"wpcf7-f22692-o1\" lang=\"en-US\" dir=\"ltr\" data-wpcf7-id=\"22692\">\n<div class=\"screen-reader-response\"><p role=\"status\" aria-live=\"polite\" aria-atomic=\"true\"><\/p> <ul><\/ul><\/div>\n<form action=\"\/en\/wp-json\/wp\/v2\/pages\/22695#wpcf7-f22692-o1\" method=\"post\" class=\"wpcf7-form init\" aria-label=\"Contact form\" novalidate=\"novalidate\" data-status=\"init\">\n<fieldset class=\"hidden-fields-container\"><input type=\"hidden\" name=\"_wpcf7\" value=\"22692\" \/><input type=\"hidden\" name=\"_wpcf7_version\" value=\"6.1.5\" \/><input type=\"hidden\" name=\"_wpcf7_locale\" value=\"en_US\" \/><input type=\"hidden\" name=\"_wpcf7_unit_tag\" value=\"wpcf7-f22692-o1\" \/><input type=\"hidden\" name=\"_wpcf7_container_post\" value=\"0\" \/><input type=\"hidden\" name=\"_wpcf7_posted_data_hash\" value=\"\" \/><input type=\"hidden\" name=\"_wpcf7cf_hidden_group_fields\" value=\"[]\" \/><input type=\"hidden\" name=\"_wpcf7cf_hidden_groups\" value=\"[]\" \/><input type=\"hidden\" name=\"_wpcf7cf_visible_groups\" value=\"[]\" \/><input type=\"hidden\" name=\"_wpcf7cf_repeaters\" value=\"[]\" \/><input type=\"hidden\" name=\"_wpcf7cf_steps\" value=\"{}\" \/><input type=\"hidden\" name=\"_wpcf7cf_options\" value=\"{&quot;form_id&quot;:22692,&quot;conditions&quot;:[],&quot;settings&quot;:{&quot;animation&quot;:&quot;yes&quot;,&quot;animation_intime&quot;:200,&quot;animation_outtime&quot;:200,&quot;conditions_ui&quot;:&quot;normal&quot;,&quot;notice_dismissed&quot;:false,&quot;notice_dismissed_rollback-cf7-5.9.5&quot;:true}}\" \/><input type=\"hidden\" name=\"_wpcf7_recaptcha_response\" value=\"\" \/>\n<\/fieldset>\n<h3>Do you want to talk?\n<\/h3>\n<p><label> <span class=\"wpcf7-form-control-wrap\" data-name=\"your-name\"><input size=\"40\" maxlength=\"400\" class=\"wpcf7-form-control wpcf7-text wpcf7-validates-as-required\" aria-required=\"true\" aria-invalid=\"false\" placeholder=\"Your Name\" value=\"\" type=\"text\" name=\"your-name\" \/><\/span> <\/label>\n<\/p>\n<p><label> <span class=\"wpcf7-form-control-wrap\" data-name=\"your-email\"><input size=\"40\" maxlength=\"400\" class=\"wpcf7-form-control wpcf7-email wpcf7-validates-as-required wpcf7-text wpcf7-validates-as-email\" aria-required=\"true\" aria-invalid=\"false\" placeholder=\"Your Email\" value=\"\" type=\"email\" name=\"your-email\" \/><\/span> <\/label>\n<\/p>\n<p><label> <span class=\"wpcf7-form-control-wrap\" data-name=\"your-message\"><textarea cols=\"40\" rows=\"10\" maxlength=\"2000\" class=\"wpcf7-form-control wpcf7-textarea wpcf7-validates-as-required\" aria-required=\"true\" aria-invalid=\"false\" placeholder=\"Your Message\" name=\"your-message\"><\/textarea><\/span> <\/label>\n<\/p>\n<p><span class=\"wpcf7-form-control-wrap\" data-name=\"GDPR\"><span class=\"wpcf7-form-control wpcf7-acceptance\"><span class=\"wpcf7-list-item\"><label><input type=\"checkbox\" name=\"GDPR\" value=\"1\" aria-invalid=\"false\" \/><span class=\"wpcf7-list-item-label\">By using this form you accept personal data management according to our <a href=\"https:\/\/www.evaballarin.com\/en\/privacy-policy\/\" target=\"_blank\" rel=\"nofollow noopener noreferrer\">Privacy Policy<\/a>*.<\/span><\/label><\/span><\/span><\/span>\n<\/p>\n<p style=\"margin-top:20px;\"><br \/>\n<input class=\"wpcf7-form-control wpcf7-submit has-spinner\" type=\"submit\" value=\"Send\" \/>\n<\/p><p style=\"display: none !important;\" class=\"akismet-fields-container\" data-prefix=\"_wpcf7_ak_\"><label>&#916;<textarea name=\"_wpcf7_ak_hp_textarea\" cols=\"45\" rows=\"8\" maxlength=\"100\"><\/textarea><\/label><input type=\"hidden\" id=\"ak_js_1\" name=\"_wpcf7_ak_js\" value=\"177\"\/><script type=\"text\/javascript\">\n\/* <![CDATA[ *\/\ndocument.getElementById( \"ak_js_1\" ).setAttribute( \"value\", ( new Date() ).getTime() );\n\/* ]]> *\/\n<\/script>\n<\/p><input type='hidden' class='wpcf7-pum' value='{\"closepopup\":false,\"closedelay\":0,\"openpopup\":false,\"openpopup_id\":0}' \/><div class=\"wpcf7-response-output\" aria-hidden=\"true\"><\/div>\n<\/form>\n<\/div>\n[\/vc_column_text][\/vc_column][vc_column width=&#8221;1\/3&#8243; el_class=&#8221;vc_hidden-sm vc_hidden-xs&#8221;][vc_single_image image=&#8221;23395&#8243; img_size=&#8221;full&#8221; alignment=&#8221;center&#8221; style=&#8221;vc_box_rounded&#8221;][\/vc_column][\/vc_row][vc_row][vc_column][vc_column_text]<\/p>\n<div style=\"padding: 15px; margin-top: 15px; background-color: #f7f7f7; border: solid 1px #ABB0B2; font-style: italic; font-size: 0.8em; color: #444;\">*** RESPONSIBLE: Eva Ballarin (K51 PROJECTS S.L.).<br \/>\n*** PURPOSE: Manage the request you make in this contact form.<br \/>\n*** LEGITIMATION: Your consent (which you agree).<br \/>\n*** The data you provide will be located on the servers of Raiola Networks (hosting provider Eva Ballarin) within the EU. See <a href=\"https:\/\/raiolanetworks.es\/politica-de-privacidad\/\" target=\"_blank\" rel=\"nofollow noopener noreferrer\">Raiola Networks&#8217; privacy policy<\/a>.<br \/>\n*** RIGHTS: Of course you have the right, among others, to access, rectify, limit and delete your data.<\/div>\n<p>[\/vc_column_text][\/vc_column][\/vc_row]<\/p>\n<\/section>","protected":false},"excerpt":{"rendered":"<p>[vc_row el_class=&#8221;vc_hidden-lg vc_hidden-md&#8221;][vc_column][vc_single_image image=&#8221;23395&#8243; img_size=&#8221;full&#8221; alignment=&#8221;center&#8221; style=&#8221;vc_box_rounded&#8221;][\/vc_column][\/vc_row][vc_row][vc_column width=&#8221;2\/3&#8243;][vc_column_text]Write your message here to contact me and I will attend you as soon as possible. [\/vc_column_text][\/vc_column][vc_column width=&#8221;1\/3&#8243; el_class=&#8221;vc_hidden-sm vc_hidden-xs&#8221;][vc_single_image image=&#8221;23395&#8243; img_size=&#8221;full&#8221; alignment=&#8221;center&#8221; style=&#8221;vc_box_rounded&#8221;][\/vc_column][\/vc_row][vc_row][vc_column][vc_column_text] *** RESPONSIBLE: Eva Ballarin (K51 PROJECTS S.L.). *** PURPOSE: Manage the request you make in this contact form. *** LEGITIMATION: Your consent (which you [&hellip;] <a class=\"g1-link g1-link-more\" href=\"https:\/\/www.evaballarin.com\/en\/contact\/\">More<\/a><\/p>\n","protected":false},"author":4,"featured_media":0,"parent":0,"menu_order":0,"comment_status":"closed","ping_status":"closed","template":"g1-template-page-full.php","meta":{"footnotes":""},"class_list":["post-22695","page","type-page","status-publish"],"yoast_head":"<!-- This site is optimized with the Yoast SEO plugin v27.5 - https:\/\/yoast.com\/product\/yoast-seo-wordpress\/ -->\n<title>Contact - Eva Ballarin<\/title>\n<meta name=\"description\" content=\"Do you want to show me a project? Or to ask me a question related to the sector through #AskBallarin? Request a collaboration? Contact me today!\" \/>\n<meta name=\"robots\" content=\"index, follow, max-snippet:-1, max-image-preview:large, max-video-preview:-1\" \/>\n<link rel=\"canonical\" href=\"https:\/\/www.evaballarin.com\/en\/contact\/\" \/>\n<meta property=\"og:locale\" content=\"en_US\" \/>\n<meta property=\"og:type\" content=\"article\" \/>\n<meta property=\"og:title\" content=\"Contact - Eva Ballarin\" \/>\n<meta property=\"og:description\" content=\"Do you want to show me a project? Or to ask me a question related to the sector through #AskBallarin? Request a collaboration? Contact me today!\" \/>\n<meta property=\"og:url\" content=\"https:\/\/www.evaballarin.com\/en\/contact\/\" \/>\n<meta property=\"og:site_name\" content=\"Eva Ballarin\" \/>\n<meta property=\"article:publisher\" content=\"https:\/\/www.facebook.com\/Eva.Ballarin.Genius\" \/>\n<meta property=\"article:modified_time\" content=\"2019-12-19T18:15:05+00:00\" \/>\n<meta name=\"twitter:card\" content=\"summary_large_image\" \/>\n<meta name=\"twitter:site\" content=\"@evaballarin\" \/>\n<script type=\"application\/ld+json\" class=\"yoast-schema-graph\">{\"@context\":\"https:\\\/\\\/schema.org\",\"@graph\":[{\"@type\":\"WebPage\",\"@id\":\"https:\\\/\\\/www.evaballarin.com\\\/en\\\/contact\\\/\",\"url\":\"https:\\\/\\\/www.evaballarin.com\\\/en\\\/contact\\\/\",\"name\":\"Contact - Eva Ballarin\",\"isPartOf\":{\"@id\":\"https:\\\/\\\/www.evaballarin.com\\\/en\\\/#website\"},\"datePublished\":\"2019-09-27T10:32:03+00:00\",\"dateModified\":\"2019-12-19T18:15:05+00:00\",\"description\":\"Do you want to show me a project? Or to ask me a question related to the sector through #AskBallarin? Request a collaboration? Contact me today!\",\"breadcrumb\":{\"@id\":\"https:\\\/\\\/www.evaballarin.com\\\/en\\\/contact\\\/#breadcrumb\"},\"inLanguage\":\"en-US\",\"potentialAction\":[{\"@type\":\"ReadAction\",\"target\":[\"https:\\\/\\\/www.evaballarin.com\\\/en\\\/contact\\\/\"]}]},{\"@type\":\"BreadcrumbList\",\"@id\":\"https:\\\/\\\/www.evaballarin.com\\\/en\\\/contact\\\/#breadcrumb\",\"itemListElement\":[{\"@type\":\"ListItem\",\"position\":1,\"name\":\"Home\",\"item\":\"https:\\\/\\\/www.evaballarin.com\\\/en\\\/\"},{\"@type\":\"ListItem\",\"position\":2,\"name\":\"Contact\"}]},{\"@type\":\"WebSite\",\"@id\":\"https:\\\/\\\/www.evaballarin.com\\\/en\\\/#website\",\"url\":\"https:\\\/\\\/www.evaballarin.com\\\/en\\\/\",\"name\":\"Eva Ballarin\",\"description\":\"Investigadora independiente de tendencias, innovaci\u00f3n y estrategia.\",\"publisher\":{\"@id\":\"https:\\\/\\\/www.evaballarin.com\\\/en\\\/#\\\/schema\\\/person\\\/b449ed8646d1b5c92ce28990f3af68d5\"},\"potentialAction\":[{\"@type\":\"SearchAction\",\"target\":{\"@type\":\"EntryPoint\",\"urlTemplate\":\"https:\\\/\\\/www.evaballarin.com\\\/en\\\/?s={search_term_string}\"},\"query-input\":{\"@type\":\"PropertyValueSpecification\",\"valueRequired\":true,\"valueName\":\"search_term_string\"}}],\"inLanguage\":\"en-US\"},{\"@type\":[\"Person\",\"Organization\"],\"@id\":\"https:\\\/\\\/www.evaballarin.com\\\/en\\\/#\\\/schema\\\/person\\\/b449ed8646d1b5c92ce28990f3af68d5\",\"name\":\"Eva Ballarin\",\"image\":{\"@type\":\"ImageObject\",\"inLanguage\":\"en-US\",\"@id\":\"https:\\\/\\\/www.evaballarin.com\\\/wp-content\\\/uploads\\\/2017\\\/05\\\/01-1.jpg\",\"url\":\"https:\\\/\\\/www.evaballarin.com\\\/wp-content\\\/uploads\\\/2017\\\/05\\\/01-1.jpg\",\"contentUrl\":\"https:\\\/\\\/www.evaballarin.com\\\/wp-content\\\/uploads\\\/2017\\\/05\\\/01-1.jpg\",\"width\":1200,\"height\":1200,\"caption\":\"Eva Ballarin\"},\"logo\":{\"@id\":\"https:\\\/\\\/www.evaballarin.com\\\/wp-content\\\/uploads\\\/2017\\\/05\\\/01-1.jpg\"},\"description\":\"Llevo 35 a\u00f1os en Turismo, HORECA y MICE, y pasando por T\u00fanez, Espa\u00f1a y M\u00e9xico, he sido directora en hoteles, restaurantes, un campo de golf y hasta un museo, aprendiendo lo que nadie te ense\u00f1a en los manuales: c\u00f3mo se dise\u00f1a un concepto, c\u00f3mo se crean experiencias, c\u00f3mo se opera un negocio y c\u00f3mo se lidera bajo presi\u00f3n. En 2010 me reinvent\u00e9 como consultora estrat\u00e9gica, docente y creadora de contenido, y he formado a cientos de profesionales de todo el mundo en las mejores escuelas. En paralelo me sub\u00ed a escenarios de medio mundo como conferenciante, imparti mil workshops, escrib\u00ed m\u00e1s de 900 art\u00edculos, publiqu\u00e9 un libro, co-escrib\u00ed otros tres y hasta lanc\u00e9 mi propio podcast\u2026 hasta convertirme en una de las voces m\u00e1s influyentes en Espa\u00f1a. Soy Top Voice en Linkedin, Miembro del Consejo Nacional de Turismo y una de las 150 profesionales m\u00e1s influyentes del Turismo. He dise\u00f1ado y dirigido congresos internacionales incre\u00edbles como HIP Madrid (2017 - 2021), y soy asesora estrat\u00e9gica para los congresos de ExpoHoreca Honduras, ExpoHoreca Panama, ExpoHoreca Guatemala y HORECA Hub den Alimentaria-Hostelco Barcelona. Como emprendedora fund\u00e9 IdeaFaktory en M\u00e9xico (2005); de vuelta en Espa\u00f1a fund\u00e9 EATapp (2009) que fu\u00e9 un absoluto fracaso empresarial del que aprend\u00ed m\u00e1s que en mil masters; funde evaballar\u00edn (2010) y co-fund\u00e9 Tanit Ibiza Conexi\u00f3n (2021), un proyecto que impulsa el talento femenino. Despu\u00e9s de estos miles de kil\u00f3metros recorridos y un postgrado especializado en Liderazgo en la Universidad de Stanford (2022), mi prop\u00f3sito es claro: ayudarte a liderar mejor tu negocio y vivir en equilibrio. Y lo hago bajo mi utimo proyecto, HORECAlity.\",\"sameAs\":[\"https:\\\/\\\/www.evaballarin.com\",\"https:\\\/\\\/www.facebook.com\\\/Eva.Ballarin.Genius\",\"https:\\\/\\\/www.instagram.com\\\/evaballarinofficial\\\/\",\"https:\\\/\\\/www.linkedin.com\\\/in\\\/evaballarin\\\/\",\"https:\\\/\\\/www.pinterest.es\\\/evaballarin\\\/\",\"https:\\\/\\\/x.com\\\/evaballarin\",\"https:\\\/\\\/www.youtube.com\\\/user\\\/thequeenblog\"]}]}<\/script>\n<!-- \/ Yoast SEO plugin. -->","yoast_head_json":{"title":"Contact - Eva Ballarin","description":"Do you want to show me a project? Or to ask me a question related to the sector through #AskBallarin? Request a collaboration? Contact me today!","robots":{"index":"index","follow":"follow","max-snippet":"max-snippet:-1","max-image-preview":"max-image-preview:large","max-video-preview":"max-video-preview:-1"},"canonical":"https:\/\/www.evaballarin.com\/en\/contact\/","og_locale":"en_US","og_type":"article","og_title":"Contact - Eva Ballarin","og_description":"Do you want to show me a project? Or to ask me a question related to the sector through #AskBallarin? Request a collaboration? Contact me today!","og_url":"https:\/\/www.evaballarin.com\/en\/contact\/","og_site_name":"Eva Ballarin","article_publisher":"https:\/\/www.facebook.com\/Eva.Ballarin.Genius","article_modified_time":"2019-12-19T18:15:05+00:00","twitter_card":"summary_large_image","twitter_site":"@evaballarin","schema":{"@context":"https:\/\/schema.org","@graph":[{"@type":"WebPage","@id":"https:\/\/www.evaballarin.com\/en\/contact\/","url":"https:\/\/www.evaballarin.com\/en\/contact\/","name":"Contact - Eva Ballarin","isPartOf":{"@id":"https:\/\/www.evaballarin.com\/en\/#website"},"datePublished":"2019-09-27T10:32:03+00:00","dateModified":"2019-12-19T18:15:05+00:00","description":"Do you want to show me a project? Or to ask me a question related to the sector through #AskBallarin? Request a collaboration? Contact me today!","breadcrumb":{"@id":"https:\/\/www.evaballarin.com\/en\/contact\/#breadcrumb"},"inLanguage":"en-US","potentialAction":[{"@type":"ReadAction","target":["https:\/\/www.evaballarin.com\/en\/contact\/"]}]},{"@type":"BreadcrumbList","@id":"https:\/\/www.evaballarin.com\/en\/contact\/#breadcrumb","itemListElement":[{"@type":"ListItem","position":1,"name":"Home","item":"https:\/\/www.evaballarin.com\/en\/"},{"@type":"ListItem","position":2,"name":"Contact"}]},{"@type":"WebSite","@id":"https:\/\/www.evaballarin.com\/en\/#website","url":"https:\/\/www.evaballarin.com\/en\/","name":"Eva Ballarin","description":"Investigadora independiente de tendencias, innovaci\u00f3n y estrategia.","publisher":{"@id":"https:\/\/www.evaballarin.com\/en\/#\/schema\/person\/b449ed8646d1b5c92ce28990f3af68d5"},"potentialAction":[{"@type":"SearchAction","target":{"@type":"EntryPoint","urlTemplate":"https:\/\/www.evaballarin.com\/en\/?s={search_term_string}"},"query-input":{"@type":"PropertyValueSpecification","valueRequired":true,"valueName":"search_term_string"}}],"inLanguage":"en-US"},{"@type":["Person","Organization"],"@id":"https:\/\/www.evaballarin.com\/en\/#\/schema\/person\/b449ed8646d1b5c92ce28990f3af68d5","name":"Eva Ballarin","image":{"@type":"ImageObject","inLanguage":"en-US","@id":"https:\/\/www.evaballarin.com\/wp-content\/uploads\/2017\/05\/01-1.jpg","url":"https:\/\/www.evaballarin.com\/wp-content\/uploads\/2017\/05\/01-1.jpg","contentUrl":"https:\/\/www.evaballarin.com\/wp-content\/uploads\/2017\/05\/01-1.jpg","width":1200,"height":1200,"caption":"Eva Ballarin"},"logo":{"@id":"https:\/\/www.evaballarin.com\/wp-content\/uploads\/2017\/05\/01-1.jpg"},"description":"Llevo 35 a\u00f1os en Turismo, HORECA y MICE, y pasando por T\u00fanez, Espa\u00f1a y M\u00e9xico, he sido directora en hoteles, restaurantes, un campo de golf y hasta un museo, aprendiendo lo que nadie te ense\u00f1a en los manuales: c\u00f3mo se dise\u00f1a un concepto, c\u00f3mo se crean experiencias, c\u00f3mo se opera un negocio y c\u00f3mo se lidera bajo presi\u00f3n. En 2010 me reinvent\u00e9 como consultora estrat\u00e9gica, docente y creadora de contenido, y he formado a cientos de profesionales de todo el mundo en las mejores escuelas. En paralelo me sub\u00ed a escenarios de medio mundo como conferenciante, imparti mil workshops, escrib\u00ed m\u00e1s de 900 art\u00edculos, publiqu\u00e9 un libro, co-escrib\u00ed otros tres y hasta lanc\u00e9 mi propio podcast\u2026 hasta convertirme en una de las voces m\u00e1s influyentes en Espa\u00f1a. Soy Top Voice en Linkedin, Miembro del Consejo Nacional de Turismo y una de las 150 profesionales m\u00e1s influyentes del Turismo. He dise\u00f1ado y dirigido congresos internacionales incre\u00edbles como HIP Madrid (2017 - 2021), y soy asesora estrat\u00e9gica para los congresos de ExpoHoreca Honduras, ExpoHoreca Panama, ExpoHoreca Guatemala y HORECA Hub den Alimentaria-Hostelco Barcelona. Como emprendedora fund\u00e9 IdeaFaktory en M\u00e9xico (2005); de vuelta en Espa\u00f1a fund\u00e9 EATapp (2009) que fu\u00e9 un absoluto fracaso empresarial del que aprend\u00ed m\u00e1s que en mil masters; funde evaballar\u00edn (2010) y co-fund\u00e9 Tanit Ibiza Conexi\u00f3n (2021), un proyecto que impulsa el talento femenino. Despu\u00e9s de estos miles de kil\u00f3metros recorridos y un postgrado especializado en Liderazgo en la Universidad de Stanford (2022), mi prop\u00f3sito es claro: ayudarte a liderar mejor tu negocio y vivir en equilibrio. Y lo hago bajo mi utimo proyecto, HORECAlity.","sameAs":["https:\/\/www.evaballarin.com","https:\/\/www.facebook.com\/Eva.Ballarin.Genius","https:\/\/www.instagram.com\/evaballarinofficial\/","https:\/\/www.linkedin.com\/in\/evaballarin\/","https:\/\/www.pinterest.es\/evaballarin\/","https:\/\/x.com\/evaballarin","https:\/\/www.youtube.com\/user\/thequeenblog"]}]}},"wps_subtitle":"Do you want to show me a project? Or to ask me a question related to the sector through #AskBallarin? Request a collaboration? Fill out the form below.","amp_enabled":false,"_links":{"self":[{"href":"https:\/\/www.evaballarin.com\/en\/wp-json\/wp\/v2\/pages\/22695","targetHints":{"allow":["GET"]}}],"collection":[{"href":"https:\/\/www.evaballarin.com\/en\/wp-json\/wp\/v2\/pages"}],"about":[{"href":"https:\/\/www.evaballarin.com\/en\/wp-json\/wp\/v2\/types\/page"}],"author":[{"embeddable":true,"href":"https:\/\/www.evaballarin.com\/en\/wp-json\/wp\/v2\/users\/4"}],"replies":[{"embeddable":true,"href":"https:\/\/www.evaballarin.com\/en\/wp-json\/wp\/v2\/comments?post=22695"}],"version-history":[{"count":0,"href":"https:\/\/www.evaballarin.com\/en\/wp-json\/wp\/v2\/pages\/22695\/revisions"}],"wp:attachment":[{"href":"https:\/\/www.evaballarin.com\/en\/wp-json\/wp\/v2\/media?parent=22695"}],"curies":[{"name":"wp","href":"https:\/\/api.w.org\/{rel}","templated":true}]}}