{"id":22792,"date":"2019-09-24T11:13:31","date_gmt":"2019-09-24T09:13:31","guid":{"rendered":"https:\/\/www.evaballarin.com\/hiring\/sponsoring\/"},"modified":"2019-12-19T13:46:47","modified_gmt":"2019-12-19T12:46:47","slug":"sponsoring","status":"publish","type":"page","link":"https:\/\/www.evaballarin.com\/en\/hiring\/sponsoring\/","title":{"rendered":"Sponsoring"},"content":{"rendered":"<section class=\"wpb-content-wrapper\"><p>[vc_row][vc_column][vc_empty_space height=&#8221;30px&#8221;]<h2  class=\"g1-title g1-title-align-center g1-beta g1-beta-2nd \"><span>Do you want your project, business or event to appear on my website?<\/span><\/h2>[vc_empty_space height=&#8221;12px&#8221;][vc_column_text]<\/p>\n<p style=\"text-align: justify;\">I personally evaluate all the partnership proposals, selecting only those that correspond to my Mission, Vision and Values, which can add value to the sector, giving priority to the most innovative.<\/p>\n<p style=\"text-align: justify;\">And I treat the information in an honest, personalized and truthful way.<\/p>\n<p>[\/vc_column_text][\/vc_column][\/vc_row][vc_row][vc_column width=&#8221;1\/2&#8243;][vc_btn title=&#8221;Sponsor a Post&#8221; style=&#8221;outline&#8221; color=&#8221;black&#8221; align=&#8221;center&#8221; i_icon_fontawesome=&#8221;fa fa-handshake-o&#8221; button_block=&#8221;true&#8221; add_icon=&#8221;true&#8221; el_class=&#8221;popmake-sponsor-a-post&#8221;][vc_column_text][download id=&#8221;23340&#8243;][\/vc_column_text][\/vc_column][vc_column width=&#8221;1\/2&#8243;][vc_btn title=&#8221;Sponsor an Event&#8221; style=&#8221;outline&#8221; color=&#8221;black&#8221; align=&#8221;center&#8221; i_icon_fontawesome=&#8221;fa fa-handshake-o&#8221; button_block=&#8221;true&#8221; add_icon=&#8221;true&#8221; el_class=&#8221;popmake-sponsor-an-event&#8221;][vc_column_text][download id=&#8221;23337&#8243;][\/vc_column_text][\/vc_column][\/vc_row][vc_row][vc_column][vc_empty_space height=&#8221;60px&#8221;][\/vc_column][\/vc_row]<\/p>\n<\/section>","protected":false},"excerpt":{"rendered":"<p>[vc_row][vc_column][vc_empty_space height=&#8221;30px&#8221;][vc_empty_space height=&#8221;12px&#8221;][vc_column_text] I personally evaluate all the partnership proposals, selecting only those that correspond to my Mission, Vision and Values, which can add value to the sector, giving priority to the most innovative. And I treat the information in an honest, personalized and truthful way. [\/vc_column_text][\/vc_column][\/vc_row][vc_row][vc_column width=&#8221;1\/2&#8243;][vc_btn title=&#8221;Sponsor a Post&#8221; style=&#8221;outline&#8221; color=&#8221;black&#8221; align=&#8221;center&#8221; i_icon_fontawesome=&#8221;fa [&hellip;] <a class=\"g1-link g1-link-more\" href=\"https:\/\/www.evaballarin.com\/en\/hiring\/sponsoring\/\">More<\/a><\/p>\n","protected":false},"author":4,"featured_media":0,"parent":24580,"menu_order":0,"comment_status":"closed","ping_status":"closed","template":"g1-template-page-full.php","meta":{"footnotes":""},"class_list":["post-22792","page","type-page","status-publish"],"yoast_head":"<!-- This site is optimized with the Yoast SEO plugin v27.4 - https:\/\/yoast.com\/product\/yoast-seo-wordpress\/ -->\n<title>Sponsoring - Eva Ballarin<\/title>\n<meta name=\"description\" content=\"What can I do for your brand? Do you want your project, business or event to appear on my website?I personally evaluate all the partnership proposals.\" \/>\n<meta name=\"robots\" content=\"index, follow, max-snippet:-1, max-image-preview:large, max-video-preview:-1\" \/>\n<link rel=\"canonical\" href=\"https:\/\/www.evaballarin.com\/en\/hiring\/sponsoring\/\" \/>\n<meta property=\"og:locale\" content=\"en_US\" \/>\n<meta property=\"og:type\" content=\"article\" \/>\n<meta property=\"og:title\" content=\"Sponsoring - Eva Ballarin\" \/>\n<meta property=\"og:description\" content=\"What can I do for your brand? Do you want your project, business or event to appear on my website?I personally evaluate all the partnership proposals.\" \/>\n<meta property=\"og:url\" content=\"https:\/\/www.evaballarin.com\/en\/hiring\/sponsoring\/\" \/>\n<meta property=\"og:site_name\" content=\"Eva Ballarin\" \/>\n<meta property=\"article:publisher\" content=\"https:\/\/www.facebook.com\/Eva.Ballarin.Genius\" \/>\n<meta property=\"article:modified_time\" content=\"2019-12-19T12:46:47+00:00\" \/>\n<meta name=\"twitter:card\" content=\"summary_large_image\" \/>\n<meta name=\"twitter:site\" content=\"@evaballarin\" \/>\n<script type=\"application\/ld+json\" class=\"yoast-schema-graph\">{\"@context\":\"https:\\\/\\\/schema.org\",\"@graph\":[{\"@type\":\"WebPage\",\"@id\":\"https:\\\/\\\/www.evaballarin.com\\\/en\\\/hiring\\\/sponsoring\\\/\",\"url\":\"https:\\\/\\\/www.evaballarin.com\\\/en\\\/hiring\\\/sponsoring\\\/\",\"name\":\"Sponsoring - Eva Ballarin\",\"isPartOf\":{\"@id\":\"https:\\\/\\\/www.evaballarin.com\\\/en\\\/#website\"},\"datePublished\":\"2019-09-24T09:13:31+00:00\",\"dateModified\":\"2019-12-19T12:46:47+00:00\",\"description\":\"What can I do for your brand? Do you want your project, business or event to appear on my website?I personally evaluate all the partnership proposals.\",\"breadcrumb\":{\"@id\":\"https:\\\/\\\/www.evaballarin.com\\\/en\\\/hiring\\\/sponsoring\\\/#breadcrumb\"},\"inLanguage\":\"en-US\",\"potentialAction\":[{\"@type\":\"ReadAction\",\"target\":[\"https:\\\/\\\/www.evaballarin.com\\\/en\\\/hiring\\\/sponsoring\\\/\"]}]},{\"@type\":\"BreadcrumbList\",\"@id\":\"https:\\\/\\\/www.evaballarin.com\\\/en\\\/hiring\\\/sponsoring\\\/#breadcrumb\",\"itemListElement\":[{\"@type\":\"ListItem\",\"position\":1,\"name\":\"Home\",\"item\":\"https:\\\/\\\/www.evaballarin.com\\\/en\\\/\"},{\"@type\":\"ListItem\",\"position\":2,\"name\":\"Hiring\",\"item\":\"https:\\\/\\\/www.evaballarin.com\\\/en\\\/hiring\\\/\"},{\"@type\":\"ListItem\",\"position\":3,\"name\":\"Sponsoring\"}]},{\"@type\":\"WebSite\",\"@id\":\"https:\\\/\\\/www.evaballarin.com\\\/en\\\/#website\",\"url\":\"https:\\\/\\\/www.evaballarin.com\\\/en\\\/\",\"name\":\"Eva Ballarin\",\"description\":\"Investigadora independiente de tendencias, innovaci\u00f3n y estrategia.\",\"publisher\":{\"@id\":\"https:\\\/\\\/www.evaballarin.com\\\/en\\\/#\\\/schema\\\/person\\\/b449ed8646d1b5c92ce28990f3af68d5\"},\"potentialAction\":[{\"@type\":\"SearchAction\",\"target\":{\"@type\":\"EntryPoint\",\"urlTemplate\":\"https:\\\/\\\/www.evaballarin.com\\\/en\\\/?s={search_term_string}\"},\"query-input\":{\"@type\":\"PropertyValueSpecification\",\"valueRequired\":true,\"valueName\":\"search_term_string\"}}],\"inLanguage\":\"en-US\"},{\"@type\":[\"Person\",\"Organization\"],\"@id\":\"https:\\\/\\\/www.evaballarin.com\\\/en\\\/#\\\/schema\\\/person\\\/b449ed8646d1b5c92ce28990f3af68d5\",\"name\":\"Eva Ballarin\",\"image\":{\"@type\":\"ImageObject\",\"inLanguage\":\"en-US\",\"@id\":\"https:\\\/\\\/www.evaballarin.com\\\/wp-content\\\/uploads\\\/2017\\\/05\\\/01-1.jpg\",\"url\":\"https:\\\/\\\/www.evaballarin.com\\\/wp-content\\\/uploads\\\/2017\\\/05\\\/01-1.jpg\",\"contentUrl\":\"https:\\\/\\\/www.evaballarin.com\\\/wp-content\\\/uploads\\\/2017\\\/05\\\/01-1.jpg\",\"width\":1200,\"height\":1200,\"caption\":\"Eva Ballarin\"},\"logo\":{\"@id\":\"https:\\\/\\\/www.evaballarin.com\\\/wp-content\\\/uploads\\\/2017\\\/05\\\/01-1.jpg\"},\"description\":\"Llevo 35 a\u00f1os en Turismo, HORECA y MICE, y pasando por T\u00fanez, Espa\u00f1a y M\u00e9xico, he sido directora en hoteles, restaurantes, un campo de golf y hasta un museo, aprendiendo lo que nadie te ense\u00f1a en los manuales: c\u00f3mo se dise\u00f1a un concepto, c\u00f3mo se crean experiencias, c\u00f3mo se opera un negocio y c\u00f3mo se lidera bajo presi\u00f3n. En 2010 me reinvent\u00e9 como consultora estrat\u00e9gica, docente y creadora de contenido, y he formado a cientos de profesionales de todo el mundo en las mejores escuelas. En paralelo me sub\u00ed a escenarios de medio mundo como conferenciante, imparti mil workshops, escrib\u00ed m\u00e1s de 900 art\u00edculos, publiqu\u00e9 un libro, co-escrib\u00ed otros tres y hasta lanc\u00e9 mi propio podcast\u2026 hasta convertirme en una de las voces m\u00e1s influyentes en Espa\u00f1a. Soy Top Voice en Linkedin, Miembro del Consejo Nacional de Turismo y una de las 150 profesionales m\u00e1s influyentes del Turismo. He dise\u00f1ado y dirigido congresos internacionales incre\u00edbles como HIP Madrid (2017 - 2021), y soy asesora estrat\u00e9gica para los congresos de ExpoHoreca Honduras, ExpoHoreca Panama, ExpoHoreca Guatemala y HORECA Hub den Alimentaria-Hostelco Barcelona. Como emprendedora fund\u00e9 IdeaFaktory en M\u00e9xico (2005); de vuelta en Espa\u00f1a fund\u00e9 EATapp (2009) que fu\u00e9 un absoluto fracaso empresarial del que aprend\u00ed m\u00e1s que en mil masters; funde evaballar\u00edn (2010) y co-fund\u00e9 Tanit Ibiza Conexi\u00f3n (2021), un proyecto que impulsa el talento femenino. Despu\u00e9s de estos miles de kil\u00f3metros recorridos y un postgrado especializado en Liderazgo en la Universidad de Stanford (2022), mi prop\u00f3sito es claro: ayudarte a liderar mejor tu negocio y vivir en equilibrio. Y lo hago bajo mi utimo proyecto, HORECAlity.\",\"sameAs\":[\"https:\\\/\\\/www.evaballarin.com\",\"https:\\\/\\\/www.facebook.com\\\/Eva.Ballarin.Genius\",\"https:\\\/\\\/www.instagram.com\\\/evaballarinofficial\\\/\",\"https:\\\/\\\/www.linkedin.com\\\/in\\\/evaballarin\\\/\",\"https:\\\/\\\/www.pinterest.es\\\/evaballarin\\\/\",\"https:\\\/\\\/x.com\\\/evaballarin\",\"https:\\\/\\\/www.youtube.com\\\/user\\\/thequeenblog\"]}]}<\/script>\n<!-- \/ Yoast SEO plugin. -->","yoast_head_json":{"title":"Sponsoring - Eva Ballarin","description":"What can I do for your brand? Do you want your project, business or event to appear on my website?I personally evaluate all the partnership proposals.","robots":{"index":"index","follow":"follow","max-snippet":"max-snippet:-1","max-image-preview":"max-image-preview:large","max-video-preview":"max-video-preview:-1"},"canonical":"https:\/\/www.evaballarin.com\/en\/hiring\/sponsoring\/","og_locale":"en_US","og_type":"article","og_title":"Sponsoring - Eva Ballarin","og_description":"What can I do for your brand? Do you want your project, business or event to appear on my website?I personally evaluate all the partnership proposals.","og_url":"https:\/\/www.evaballarin.com\/en\/hiring\/sponsoring\/","og_site_name":"Eva Ballarin","article_publisher":"https:\/\/www.facebook.com\/Eva.Ballarin.Genius","article_modified_time":"2019-12-19T12:46:47+00:00","twitter_card":"summary_large_image","twitter_site":"@evaballarin","schema":{"@context":"https:\/\/schema.org","@graph":[{"@type":"WebPage","@id":"https:\/\/www.evaballarin.com\/en\/hiring\/sponsoring\/","url":"https:\/\/www.evaballarin.com\/en\/hiring\/sponsoring\/","name":"Sponsoring - Eva Ballarin","isPartOf":{"@id":"https:\/\/www.evaballarin.com\/en\/#website"},"datePublished":"2019-09-24T09:13:31+00:00","dateModified":"2019-12-19T12:46:47+00:00","description":"What can I do for your brand? Do you want your project, business or event to appear on my website?I personally evaluate all the partnership proposals.","breadcrumb":{"@id":"https:\/\/www.evaballarin.com\/en\/hiring\/sponsoring\/#breadcrumb"},"inLanguage":"en-US","potentialAction":[{"@type":"ReadAction","target":["https:\/\/www.evaballarin.com\/en\/hiring\/sponsoring\/"]}]},{"@type":"BreadcrumbList","@id":"https:\/\/www.evaballarin.com\/en\/hiring\/sponsoring\/#breadcrumb","itemListElement":[{"@type":"ListItem","position":1,"name":"Home","item":"https:\/\/www.evaballarin.com\/en\/"},{"@type":"ListItem","position":2,"name":"Hiring","item":"https:\/\/www.evaballarin.com\/en\/hiring\/"},{"@type":"ListItem","position":3,"name":"Sponsoring"}]},{"@type":"WebSite","@id":"https:\/\/www.evaballarin.com\/en\/#website","url":"https:\/\/www.evaballarin.com\/en\/","name":"Eva Ballarin","description":"Investigadora independiente de tendencias, innovaci\u00f3n y estrategia.","publisher":{"@id":"https:\/\/www.evaballarin.com\/en\/#\/schema\/person\/b449ed8646d1b5c92ce28990f3af68d5"},"potentialAction":[{"@type":"SearchAction","target":{"@type":"EntryPoint","urlTemplate":"https:\/\/www.evaballarin.com\/en\/?s={search_term_string}"},"query-input":{"@type":"PropertyValueSpecification","valueRequired":true,"valueName":"search_term_string"}}],"inLanguage":"en-US"},{"@type":["Person","Organization"],"@id":"https:\/\/www.evaballarin.com\/en\/#\/schema\/person\/b449ed8646d1b5c92ce28990f3af68d5","name":"Eva Ballarin","image":{"@type":"ImageObject","inLanguage":"en-US","@id":"https:\/\/www.evaballarin.com\/wp-content\/uploads\/2017\/05\/01-1.jpg","url":"https:\/\/www.evaballarin.com\/wp-content\/uploads\/2017\/05\/01-1.jpg","contentUrl":"https:\/\/www.evaballarin.com\/wp-content\/uploads\/2017\/05\/01-1.jpg","width":1200,"height":1200,"caption":"Eva Ballarin"},"logo":{"@id":"https:\/\/www.evaballarin.com\/wp-content\/uploads\/2017\/05\/01-1.jpg"},"description":"Llevo 35 a\u00f1os en Turismo, HORECA y MICE, y pasando por T\u00fanez, Espa\u00f1a y M\u00e9xico, he sido directora en hoteles, restaurantes, un campo de golf y hasta un museo, aprendiendo lo que nadie te ense\u00f1a en los manuales: c\u00f3mo se dise\u00f1a un concepto, c\u00f3mo se crean experiencias, c\u00f3mo se opera un negocio y c\u00f3mo se lidera bajo presi\u00f3n. En 2010 me reinvent\u00e9 como consultora estrat\u00e9gica, docente y creadora de contenido, y he formado a cientos de profesionales de todo el mundo en las mejores escuelas. En paralelo me sub\u00ed a escenarios de medio mundo como conferenciante, imparti mil workshops, escrib\u00ed m\u00e1s de 900 art\u00edculos, publiqu\u00e9 un libro, co-escrib\u00ed otros tres y hasta lanc\u00e9 mi propio podcast\u2026 hasta convertirme en una de las voces m\u00e1s influyentes en Espa\u00f1a. Soy Top Voice en Linkedin, Miembro del Consejo Nacional de Turismo y una de las 150 profesionales m\u00e1s influyentes del Turismo. He dise\u00f1ado y dirigido congresos internacionales incre\u00edbles como HIP Madrid (2017 - 2021), y soy asesora estrat\u00e9gica para los congresos de ExpoHoreca Honduras, ExpoHoreca Panama, ExpoHoreca Guatemala y HORECA Hub den Alimentaria-Hostelco Barcelona. Como emprendedora fund\u00e9 IdeaFaktory en M\u00e9xico (2005); de vuelta en Espa\u00f1a fund\u00e9 EATapp (2009) que fu\u00e9 un absoluto fracaso empresarial del que aprend\u00ed m\u00e1s que en mil masters; funde evaballar\u00edn (2010) y co-fund\u00e9 Tanit Ibiza Conexi\u00f3n (2021), un proyecto que impulsa el talento femenino. Despu\u00e9s de estos miles de kil\u00f3metros recorridos y un postgrado especializado en Liderazgo en la Universidad de Stanford (2022), mi prop\u00f3sito es claro: ayudarte a liderar mejor tu negocio y vivir en equilibrio. Y lo hago bajo mi utimo proyecto, HORECAlity.","sameAs":["https:\/\/www.evaballarin.com","https:\/\/www.facebook.com\/Eva.Ballarin.Genius","https:\/\/www.instagram.com\/evaballarinofficial\/","https:\/\/www.linkedin.com\/in\/evaballarin\/","https:\/\/www.pinterest.es\/evaballarin\/","https:\/\/x.com\/evaballarin","https:\/\/www.youtube.com\/user\/thequeenblog"]}]}},"wps_subtitle":"What can I do for your brand?","amp_enabled":false,"_links":{"self":[{"href":"https:\/\/www.evaballarin.com\/en\/wp-json\/wp\/v2\/pages\/22792","targetHints":{"allow":["GET"]}}],"collection":[{"href":"https:\/\/www.evaballarin.com\/en\/wp-json\/wp\/v2\/pages"}],"about":[{"href":"https:\/\/www.evaballarin.com\/en\/wp-json\/wp\/v2\/types\/page"}],"author":[{"embeddable":true,"href":"https:\/\/www.evaballarin.com\/en\/wp-json\/wp\/v2\/users\/4"}],"replies":[{"embeddable":true,"href":"https:\/\/www.evaballarin.com\/en\/wp-json\/wp\/v2\/comments?post=22792"}],"version-history":[{"count":0,"href":"https:\/\/www.evaballarin.com\/en\/wp-json\/wp\/v2\/pages\/22792\/revisions"}],"up":[{"embeddable":true,"href":"https:\/\/www.evaballarin.com\/en\/wp-json\/wp\/v2\/pages\/24580"}],"wp:attachment":[{"href":"https:\/\/www.evaballarin.com\/en\/wp-json\/wp\/v2\/media?parent=22792"}],"curies":[{"name":"wp","href":"https:\/\/api.w.org\/{rel}","templated":true}]}}