{"id":22886,"date":"2019-07-19T11:03:46","date_gmt":"2019-07-19T09:03:46","guid":{"rendered":"https:\/\/www.evaballarin.com\/inicio\/"},"modified":"2022-03-03T09:59:58","modified_gmt":"2022-03-03T08:59:58","slug":"home","status":"publish","type":"page","link":"https:\/\/www.evaballarin.com\/en\/","title":{"rendered":"Home"},"content":{"rendered":"<section class=\"wpb-content-wrapper\"><p>[vc_row full_width=&#8221;stretch_row_content_no_spaces&#8221; content_placement=&#8221;middle&#8221; css=&#8221;.vc_custom_1645868054058{background-image: url(https:\/\/www.evaballarin.com\/wp-content\/uploads\/2022\/02\/landing-EB-2022-img-1.jpg?id=30679) !important;background-position: center !important;background-repeat: no-repeat !important;background-size: cover !important;}&#8221;][vc_column css=&#8221;.vc_custom_1645868455158{padding-top: 0px !important;}&#8221;][vc_single_image image=&#8221;31228&#8243; img_size=&#8221;Full&#8221; alignment=&#8221;center&#8221; css_animation=&#8221;fadeIn&#8221; css=&#8221;.vc_custom_1646297192316{margin-bottom: 0px !important;}&#8221;][\/vc_column][\/vc_row]<\/p>\n<\/section>","protected":false},"excerpt":{"rendered":"<p>[vc_row full_width=&#8221;stretch_row_content_no_spaces&#8221; content_placement=&#8221;middle&#8221; css=&#8221;.vc_custom_1645868054058{background-image: url(https:\/\/www.evaballarin.com\/wp-content\/uploads\/2022\/02\/landing-EB-2022-img-1.jpg?id=30679) !important;background-position: center !important;background-repeat: no-repeat !important;background-size: cover !important;}&#8221;][vc_column css=&#8221;.vc_custom_1645868455158{padding-top: 0px !important;}&#8221;][vc_single_image image=&#8221;31228&#8243; img_size=&#8221;Full&#8221; alignment=&#8221;center&#8221; css_animation=&#8221;fadeIn&#8221; css=&#8221;.vc_custom_1646297192316{margin-bottom: 0px !important;}&#8221;][\/vc_column][\/vc_row] <a class=\"g1-link g1-link-more\" href=\"https:\/\/www.evaballarin.com\/en\/\">More<\/a><\/p>\n","protected":false},"author":4,"featured_media":31231,"parent":0,"menu_order":0,"comment_status":"closed","ping_status":"closed","template":"g1-template-page-full.php","meta":{"footnotes":""},"class_list":["post-22886","page","type-page","status-publish","has-post-thumbnail"],"yoast_head":"<!-- This site is optimized with the Yoast SEO plugin v27.5 - https:\/\/yoast.com\/product\/yoast-seo-wordpress\/ -->\n<title>Home - Eva Ballarin - Training and Strategic Hospitality Consulting<\/title>\n<meta name=\"description\" content=\"Speaker, analyst and specialist in Trends of the HORECA sector. Bilingual training and strategic consulting. Founder and Director of HorecaSpeakers.\" \/>\n<meta name=\"robots\" content=\"index, follow, max-snippet:-1, max-image-preview:large, max-video-preview:-1\" \/>\n<link rel=\"canonical\" href=\"https:\/\/www.evaballarin.com\/en\/\" \/>\n<meta property=\"og:locale\" content=\"en_US\" \/>\n<meta property=\"og:type\" content=\"article\" \/>\n<meta property=\"og:title\" content=\"Home - Eva Ballarin - Training and Strategic Hospitality Consulting\" \/>\n<meta property=\"og:description\" content=\"Speaker, analyst and specialist in Trends of the HORECA sector. Bilingual training and strategic consulting. Founder and Director of HorecaSpeakers.\" \/>\n<meta property=\"og:url\" content=\"https:\/\/www.evaballarin.com\/en\/\" \/>\n<meta property=\"og:site_name\" content=\"Eva Ballarin\" \/>\n<meta property=\"article:publisher\" content=\"https:\/\/www.facebook.com\/Eva.Ballarin.Genius\" \/>\n<meta property=\"article:modified_time\" content=\"2022-03-03T08:59:58+00:00\" \/>\n<meta property=\"og:image\" content=\"https:\/\/www.evaballarin.com\/wp-content\/uploads\/2022\/03\/landing-EB-2022-ENG-baja.jpg\" \/>\n\t<meta property=\"og:image:width\" content=\"1200\" \/>\n\t<meta property=\"og:image:height\" content=\"687\" \/>\n\t<meta property=\"og:image:type\" content=\"image\/jpeg\" \/>\n<meta name=\"twitter:card\" content=\"summary_large_image\" \/>\n<meta name=\"twitter:site\" content=\"@evaballarin\" \/>\n<script type=\"application\/ld+json\" class=\"yoast-schema-graph\">{\"@context\":\"https:\\\/\\\/schema.org\",\"@graph\":[{\"@type\":\"WebPage\",\"@id\":\"https:\\\/\\\/www.evaballarin.com\\\/en\\\/\",\"url\":\"https:\\\/\\\/www.evaballarin.com\\\/en\\\/\",\"name\":\"Home - Eva Ballarin - Training and Strategic Hospitality Consulting\",\"isPartOf\":{\"@id\":\"https:\\\/\\\/www.evaballarin.com\\\/en\\\/#website\"},\"primaryImageOfPage\":{\"@id\":\"https:\\\/\\\/www.evaballarin.com\\\/en\\\/#primaryimage\"},\"image\":{\"@id\":\"https:\\\/\\\/www.evaballarin.com\\\/en\\\/#primaryimage\"},\"thumbnailUrl\":\"https:\\\/\\\/www.evaballarin.com\\\/wp-content\\\/uploads\\\/2022\\\/03\\\/landing-EB-2022-ENG-baja.jpg\",\"datePublished\":\"2019-07-19T09:03:46+00:00\",\"dateModified\":\"2022-03-03T08:59:58+00:00\",\"description\":\"Speaker, analyst and specialist in Trends of the HORECA sector. Bilingual training and strategic consulting. Founder and Director of HorecaSpeakers.\",\"breadcrumb\":{\"@id\":\"https:\\\/\\\/www.evaballarin.com\\\/en\\\/#breadcrumb\"},\"inLanguage\":\"en-US\",\"potentialAction\":[{\"@type\":\"ReadAction\",\"target\":[\"https:\\\/\\\/www.evaballarin.com\\\/en\\\/\"]}]},{\"@type\":\"ImageObject\",\"inLanguage\":\"en-US\",\"@id\":\"https:\\\/\\\/www.evaballarin.com\\\/en\\\/#primaryimage\",\"url\":\"https:\\\/\\\/www.evaballarin.com\\\/wp-content\\\/uploads\\\/2022\\\/03\\\/landing-EB-2022-ENG-baja.jpg\",\"contentUrl\":\"https:\\\/\\\/www.evaballarin.com\\\/wp-content\\\/uploads\\\/2022\\\/03\\\/landing-EB-2022-ENG-baja.jpg\",\"width\":1200,\"height\":687,\"caption\":\"landing Eva Ballarin 2022\"},{\"@type\":\"BreadcrumbList\",\"@id\":\"https:\\\/\\\/www.evaballarin.com\\\/en\\\/#breadcrumb\",\"itemListElement\":[{\"@type\":\"ListItem\",\"position\":1,\"name\":\"Home\",\"item\":\"https:\\\/\\\/www.evaballarin.com\\\/en\\\/\"},{\"@type\":\"ListItem\",\"position\":2,\"name\":\"Home\"}]},{\"@type\":\"WebSite\",\"@id\":\"https:\\\/\\\/www.evaballarin.com\\\/en\\\/#website\",\"url\":\"https:\\\/\\\/www.evaballarin.com\\\/en\\\/\",\"name\":\"Eva Ballarin\",\"description\":\"Investigadora independiente de tendencias, innovaci\u00f3n y estrategia.\",\"publisher\":{\"@id\":\"https:\\\/\\\/www.evaballarin.com\\\/en\\\/#\\\/schema\\\/person\\\/b449ed8646d1b5c92ce28990f3af68d5\"},\"potentialAction\":[{\"@type\":\"SearchAction\",\"target\":{\"@type\":\"EntryPoint\",\"urlTemplate\":\"https:\\\/\\\/www.evaballarin.com\\\/en\\\/?s={search_term_string}\"},\"query-input\":{\"@type\":\"PropertyValueSpecification\",\"valueRequired\":true,\"valueName\":\"search_term_string\"}}],\"inLanguage\":\"en-US\"},{\"@type\":[\"Person\",\"Organization\"],\"@id\":\"https:\\\/\\\/www.evaballarin.com\\\/en\\\/#\\\/schema\\\/person\\\/b449ed8646d1b5c92ce28990f3af68d5\",\"name\":\"Eva Ballarin\",\"image\":{\"@type\":\"ImageObject\",\"inLanguage\":\"en-US\",\"@id\":\"https:\\\/\\\/www.evaballarin.com\\\/wp-content\\\/uploads\\\/2017\\\/05\\\/01-1.jpg\",\"url\":\"https:\\\/\\\/www.evaballarin.com\\\/wp-content\\\/uploads\\\/2017\\\/05\\\/01-1.jpg\",\"contentUrl\":\"https:\\\/\\\/www.evaballarin.com\\\/wp-content\\\/uploads\\\/2017\\\/05\\\/01-1.jpg\",\"width\":1200,\"height\":1200,\"caption\":\"Eva Ballarin\"},\"logo\":{\"@id\":\"https:\\\/\\\/www.evaballarin.com\\\/wp-content\\\/uploads\\\/2017\\\/05\\\/01-1.jpg\"},\"description\":\"Llevo 35 a\u00f1os en Turismo, HORECA y MICE, y pasando por T\u00fanez, Espa\u00f1a y M\u00e9xico, he sido directora en hoteles, restaurantes, un campo de golf y hasta un museo, aprendiendo lo que nadie te ense\u00f1a en los manuales: c\u00f3mo se dise\u00f1a un concepto, c\u00f3mo se crean experiencias, c\u00f3mo se opera un negocio y c\u00f3mo se lidera bajo presi\u00f3n. En 2010 me reinvent\u00e9 como consultora estrat\u00e9gica, docente y creadora de contenido, y he formado a cientos de profesionales de todo el mundo en las mejores escuelas. En paralelo me sub\u00ed a escenarios de medio mundo como conferenciante, imparti mil workshops, escrib\u00ed m\u00e1s de 900 art\u00edculos, publiqu\u00e9 un libro, co-escrib\u00ed otros tres y hasta lanc\u00e9 mi propio podcast\u2026 hasta convertirme en una de las voces m\u00e1s influyentes en Espa\u00f1a. Soy Top Voice en Linkedin, Miembro del Consejo Nacional de Turismo y una de las 150 profesionales m\u00e1s influyentes del Turismo. He dise\u00f1ado y dirigido congresos internacionales incre\u00edbles como HIP Madrid (2017 - 2021), y soy asesora estrat\u00e9gica para los congresos de ExpoHoreca Honduras, ExpoHoreca Panama, ExpoHoreca Guatemala y HORECA Hub den Alimentaria-Hostelco Barcelona. Como emprendedora fund\u00e9 IdeaFaktory en M\u00e9xico (2005); de vuelta en Espa\u00f1a fund\u00e9 EATapp (2009) que fu\u00e9 un absoluto fracaso empresarial del que aprend\u00ed m\u00e1s que en mil masters; funde evaballar\u00edn (2010) y co-fund\u00e9 Tanit Ibiza Conexi\u00f3n (2021), un proyecto que impulsa el talento femenino. Despu\u00e9s de estos miles de kil\u00f3metros recorridos y un postgrado especializado en Liderazgo en la Universidad de Stanford (2022), mi prop\u00f3sito es claro: ayudarte a liderar mejor tu negocio y vivir en equilibrio. Y lo hago bajo mi utimo proyecto, HORECAlity.\",\"sameAs\":[\"https:\\\/\\\/www.evaballarin.com\",\"https:\\\/\\\/www.facebook.com\\\/Eva.Ballarin.Genius\",\"https:\\\/\\\/www.instagram.com\\\/evaballarinofficial\\\/\",\"https:\\\/\\\/www.linkedin.com\\\/in\\\/evaballarin\\\/\",\"https:\\\/\\\/www.pinterest.es\\\/evaballarin\\\/\",\"https:\\\/\\\/x.com\\\/evaballarin\",\"https:\\\/\\\/www.youtube.com\\\/user\\\/thequeenblog\"]}]}<\/script>\n<!-- \/ Yoast SEO plugin. -->","yoast_head_json":{"title":"Home - Eva Ballarin - Training and Strategic Hospitality Consulting","description":"Speaker, analyst and specialist in Trends of the HORECA sector. Bilingual training and strategic consulting. Founder and Director of HorecaSpeakers.","robots":{"index":"index","follow":"follow","max-snippet":"max-snippet:-1","max-image-preview":"max-image-preview:large","max-video-preview":"max-video-preview:-1"},"canonical":"https:\/\/www.evaballarin.com\/en\/","og_locale":"en_US","og_type":"article","og_title":"Home - Eva Ballarin - Training and Strategic Hospitality Consulting","og_description":"Speaker, analyst and specialist in Trends of the HORECA sector. Bilingual training and strategic consulting. Founder and Director of HorecaSpeakers.","og_url":"https:\/\/www.evaballarin.com\/en\/","og_site_name":"Eva Ballarin","article_publisher":"https:\/\/www.facebook.com\/Eva.Ballarin.Genius","article_modified_time":"2022-03-03T08:59:58+00:00","og_image":[{"width":1200,"height":687,"url":"https:\/\/www.evaballarin.com\/wp-content\/uploads\/2022\/03\/landing-EB-2022-ENG-baja.jpg","type":"image\/jpeg"}],"twitter_card":"summary_large_image","twitter_site":"@evaballarin","schema":{"@context":"https:\/\/schema.org","@graph":[{"@type":"WebPage","@id":"https:\/\/www.evaballarin.com\/en\/","url":"https:\/\/www.evaballarin.com\/en\/","name":"Home - Eva Ballarin - Training and Strategic Hospitality Consulting","isPartOf":{"@id":"https:\/\/www.evaballarin.com\/en\/#website"},"primaryImageOfPage":{"@id":"https:\/\/www.evaballarin.com\/en\/#primaryimage"},"image":{"@id":"https:\/\/www.evaballarin.com\/en\/#primaryimage"},"thumbnailUrl":"https:\/\/www.evaballarin.com\/wp-content\/uploads\/2022\/03\/landing-EB-2022-ENG-baja.jpg","datePublished":"2019-07-19T09:03:46+00:00","dateModified":"2022-03-03T08:59:58+00:00","description":"Speaker, analyst and specialist in Trends of the HORECA sector. Bilingual training and strategic consulting. Founder and Director of HorecaSpeakers.","breadcrumb":{"@id":"https:\/\/www.evaballarin.com\/en\/#breadcrumb"},"inLanguage":"en-US","potentialAction":[{"@type":"ReadAction","target":["https:\/\/www.evaballarin.com\/en\/"]}]},{"@type":"ImageObject","inLanguage":"en-US","@id":"https:\/\/www.evaballarin.com\/en\/#primaryimage","url":"https:\/\/www.evaballarin.com\/wp-content\/uploads\/2022\/03\/landing-EB-2022-ENG-baja.jpg","contentUrl":"https:\/\/www.evaballarin.com\/wp-content\/uploads\/2022\/03\/landing-EB-2022-ENG-baja.jpg","width":1200,"height":687,"caption":"landing Eva Ballarin 2022"},{"@type":"BreadcrumbList","@id":"https:\/\/www.evaballarin.com\/en\/#breadcrumb","itemListElement":[{"@type":"ListItem","position":1,"name":"Home","item":"https:\/\/www.evaballarin.com\/en\/"},{"@type":"ListItem","position":2,"name":"Home"}]},{"@type":"WebSite","@id":"https:\/\/www.evaballarin.com\/en\/#website","url":"https:\/\/www.evaballarin.com\/en\/","name":"Eva Ballarin","description":"Investigadora independiente de tendencias, innovaci\u00f3n y estrategia.","publisher":{"@id":"https:\/\/www.evaballarin.com\/en\/#\/schema\/person\/b449ed8646d1b5c92ce28990f3af68d5"},"potentialAction":[{"@type":"SearchAction","target":{"@type":"EntryPoint","urlTemplate":"https:\/\/www.evaballarin.com\/en\/?s={search_term_string}"},"query-input":{"@type":"PropertyValueSpecification","valueRequired":true,"valueName":"search_term_string"}}],"inLanguage":"en-US"},{"@type":["Person","Organization"],"@id":"https:\/\/www.evaballarin.com\/en\/#\/schema\/person\/b449ed8646d1b5c92ce28990f3af68d5","name":"Eva Ballarin","image":{"@type":"ImageObject","inLanguage":"en-US","@id":"https:\/\/www.evaballarin.com\/wp-content\/uploads\/2017\/05\/01-1.jpg","url":"https:\/\/www.evaballarin.com\/wp-content\/uploads\/2017\/05\/01-1.jpg","contentUrl":"https:\/\/www.evaballarin.com\/wp-content\/uploads\/2017\/05\/01-1.jpg","width":1200,"height":1200,"caption":"Eva Ballarin"},"logo":{"@id":"https:\/\/www.evaballarin.com\/wp-content\/uploads\/2017\/05\/01-1.jpg"},"description":"Llevo 35 a\u00f1os en Turismo, HORECA y MICE, y pasando por T\u00fanez, Espa\u00f1a y M\u00e9xico, he sido directora en hoteles, restaurantes, un campo de golf y hasta un museo, aprendiendo lo que nadie te ense\u00f1a en los manuales: c\u00f3mo se dise\u00f1a un concepto, c\u00f3mo se crean experiencias, c\u00f3mo se opera un negocio y c\u00f3mo se lidera bajo presi\u00f3n. En 2010 me reinvent\u00e9 como consultora estrat\u00e9gica, docente y creadora de contenido, y he formado a cientos de profesionales de todo el mundo en las mejores escuelas. En paralelo me sub\u00ed a escenarios de medio mundo como conferenciante, imparti mil workshops, escrib\u00ed m\u00e1s de 900 art\u00edculos, publiqu\u00e9 un libro, co-escrib\u00ed otros tres y hasta lanc\u00e9 mi propio podcast\u2026 hasta convertirme en una de las voces m\u00e1s influyentes en Espa\u00f1a. Soy Top Voice en Linkedin, Miembro del Consejo Nacional de Turismo y una de las 150 profesionales m\u00e1s influyentes del Turismo. He dise\u00f1ado y dirigido congresos internacionales incre\u00edbles como HIP Madrid (2017 - 2021), y soy asesora estrat\u00e9gica para los congresos de ExpoHoreca Honduras, ExpoHoreca Panama, ExpoHoreca Guatemala y HORECA Hub den Alimentaria-Hostelco Barcelona. Como emprendedora fund\u00e9 IdeaFaktory en M\u00e9xico (2005); de vuelta en Espa\u00f1a fund\u00e9 EATapp (2009) que fu\u00e9 un absoluto fracaso empresarial del que aprend\u00ed m\u00e1s que en mil masters; funde evaballar\u00edn (2010) y co-fund\u00e9 Tanit Ibiza Conexi\u00f3n (2021), un proyecto que impulsa el talento femenino. Despu\u00e9s de estos miles de kil\u00f3metros recorridos y un postgrado especializado en Liderazgo en la Universidad de Stanford (2022), mi prop\u00f3sito es claro: ayudarte a liderar mejor tu negocio y vivir en equilibrio. Y lo hago bajo mi utimo proyecto, HORECAlity.","sameAs":["https:\/\/www.evaballarin.com","https:\/\/www.facebook.com\/Eva.Ballarin.Genius","https:\/\/www.instagram.com\/evaballarinofficial\/","https:\/\/www.linkedin.com\/in\/evaballarin\/","https:\/\/www.pinterest.es\/evaballarin\/","https:\/\/x.com\/evaballarin","https:\/\/www.youtube.com\/user\/thequeenblog"]}]}},"wps_subtitle":"","amp_enabled":false,"_links":{"self":[{"href":"https:\/\/www.evaballarin.com\/en\/wp-json\/wp\/v2\/pages\/22886","targetHints":{"allow":["GET"]}}],"collection":[{"href":"https:\/\/www.evaballarin.com\/en\/wp-json\/wp\/v2\/pages"}],"about":[{"href":"https:\/\/www.evaballarin.com\/en\/wp-json\/wp\/v2\/types\/page"}],"author":[{"embeddable":true,"href":"https:\/\/www.evaballarin.com\/en\/wp-json\/wp\/v2\/users\/4"}],"replies":[{"embeddable":true,"href":"https:\/\/www.evaballarin.com\/en\/wp-json\/wp\/v2\/comments?post=22886"}],"version-history":[{"count":3,"href":"https:\/\/www.evaballarin.com\/en\/wp-json\/wp\/v2\/pages\/22886\/revisions"}],"predecessor-version":[{"id":31233,"href":"https:\/\/www.evaballarin.com\/en\/wp-json\/wp\/v2\/pages\/22886\/revisions\/31233"}],"wp:featuredmedia":[{"embeddable":true,"href":"https:\/\/www.evaballarin.com\/en\/wp-json\/wp\/v2\/media\/31231"}],"wp:attachment":[{"href":"https:\/\/www.evaballarin.com\/en\/wp-json\/wp\/v2\/media?parent=22886"}],"curies":[{"name":"wp","href":"https:\/\/api.w.org\/{rel}","templated":true}]}}