{"id":24580,"date":"2019-12-19T13:38:09","date_gmt":"2019-12-19T12:38:09","guid":{"rendered":"https:\/\/www.evaballarin.com\/?page_id=24580"},"modified":"2019-12-19T18:50:49","modified_gmt":"2019-12-19T17:50:49","slug":"hiring","status":"publish","type":"page","link":"https:\/\/www.evaballarin.com\/en\/hiring\/","title":{"rendered":"Hiring"},"content":{"rendered":"<section class=\"wpb-content-wrapper\"><p>[vc_row css=&#8221;.vc_custom_1568822301435{padding-top: 30px !important;padding-bottom: 30px !important;}&#8221;][vc_column width=&#8221;1\/3&#8243;]<h2  class=\"g1-title g1-title-align- g1-beta g1-beta-2nd \"><span>TALKS<\/span><\/h2>[vc_column_text]<\/p>\n<h4><strong>What can I do for your event<\/strong>?<\/h4>\n<p><span lang=\"en-US\">Contribute with a fresh and inspirational <\/span><span class=\"pum-trigger popmake-18903 WOW-en\" style=\"cursor: pointer; background-color: #ff8f1c; color: black; font-weight: bold;\" data-do-default=\"\">WOW*<\/span> keynote, round table or debate.<\/p>\n<p>For&#8230;<\/p>\n<ul>\n<li style=\"list-style-type: none;\">\n<ul>\n<li>Event Organizers and Agencies<\/li>\n<li>Speakers Agencies<\/li>\n<li>Business Schools<\/li>\n<li>Horeca Organizations<\/li>\n<\/ul>\n<\/li>\n<\/ul>\n<p>[\/vc_column_text]<div class=\"evc-icon-list evc-shortcode \">\n\t<div class=\"evc-il-item  \" >\n\t<div class=\"evc-ili-inner\">\n\t\t\t<span class=\"evc-ili-icon-wrapper\" style=\"font-size: 20px;color: #ff8f1c\">\n\t\t<span class=\"evc-ili-icon fa fa-clock-o\"><\/span>\n\t<\/span>\n\t\t\t<span class=\"evc-ili-text\" >(TT) TedTalk (20-30 minutes)<\/span>\n\t\t\t<\/div>\n<\/div>\n<div class=\"evc-il-item  \" >\n\t<div class=\"evc-ili-inner\">\n\t\t\t<span class=\"evc-ili-icon-wrapper\" style=\"font-size: 20px;color: #ff8f1c\">\n\t\t<span class=\"evc-ili-icon fa fa-clock-o\"><\/span>\n\t<\/span>\n\t\t\t<span class=\"evc-ili-text\" >(EX) Extended Talk (60-90 minutes)<\/span>\n\t\t\t<\/div>\n<\/div>\n<\/div>\n[vc_empty_space height=&#8221;53px&#8221;][vc_btn title=&#8221;Eva Ballarin\u2019s Talks Brochure&#8221; style=&#8221;outline&#8221; color=&#8221;black&#8221; size=&#8221;lg&#8221; align=&#8221;center&#8221; i_icon_fontawesome=&#8221;fa fa-commenting-o&#8221; button_block=&#8221;true&#8221; add_icon=&#8221;true&#8221; link=&#8221;url:http%3A%2F%2Fwww.evaballarin.com%2Fen%2Fhiring%2Fkeynotes-workshops%2F|title:Talks%20by%20Eva%20Ballarin||&#8221;][vc_empty_space height=&#8221;60px&#8221;][\/vc_column][vc_column width=&#8221;1\/3&#8243;]<h2  class=\"g1-title g1-title-align- g1-beta g1-beta-2nd \"><span>WORKSHOPS<\/span><\/h2>[vc_column_text]<\/p>\n<h4><strong>What can I do for your business \/ organization<\/strong>?<\/h4>\n<p>Share with you <span class=\"pum-trigger popmake-18903 WOW-en\" style=\"cursor: pointer; background-color: #ff8f1c; color: black; font-weight: bold;\" data-do-default=\"\">WOW*<\/span> methodologies and strategic tools to identify opportunities, in your company event, such as a personalized workshop to explore opportunities to refresh the strategy.<\/p>\n<p>For&#8230;<\/p>\n<ul>\n<li>Companies and organizations Horeca<\/li>\n<li>Event Organizers and Agencies<\/li>\n<li>Speakers Agencies<\/li>\n<\/ul>\n<p>[\/vc_column_text]<div class=\"evc-icon-list evc-shortcode \">\n\t<div class=\"evc-il-item  \" >\n\t<div class=\"evc-ili-inner\">\n\t\t\t<span class=\"evc-ili-icon-wrapper\" style=\"font-size: 20px;color: #ff8f1c\">\n\t\t<span class=\"evc-ili-icon fa fa-clock-o\"><\/span>\n\t<\/span>\n\t\t\t<span class=\"evc-ili-text\" >(W) Workshop (4 a 8 hours)<\/span>\n\t\t\t<\/div>\n<\/div>\n<\/div>\n[vc_empty_space height=&#8221;40px&#8221;][vc_btn title=&#8221;Eva Ballarin\u2019s Workshops Brochure&#8221; style=&#8221;outline&#8221; color=&#8221;black&#8221; size=&#8221;lg&#8221; align=&#8221;center&#8221; i_icon_fontawesome=&#8221;fa fa-comments-o&#8221; button_block=&#8221;true&#8221; add_icon=&#8221;true&#8221; link=&#8221;url:http%3A%2F%2Fwww.evaballarin.com%2Fen%2Fhiring%2Fkeynotes-workshops%2F%23workshops|title:Workshops%20by%20Eva%20Ballarin||&#8221;][vc_empty_space height=&#8221;60px&#8221;][\/vc_column][vc_column width=&#8221;1\/3&#8243;]<h2  class=\"g1-title g1-title-align- g1-beta g1-beta-2nd \"><span>SPONSORING<\/span><\/h2>[vc_column_text]<\/p>\n<h4><strong>What can I do for your brand<\/strong>?<\/h4>\n<p>Would you like to share your product \/ service \/ event with my professional network?<\/p>\n<p>I personally evaluate all partnership proposals, selecting only those that correspond to my Values and Vision, which can add value to the sector, giving priority to the most innovative <span class=\"pum-trigger popmake-18903 WOW-en\" style=\"cursor: pointer; background-color: #ff8f1c; color: black; font-weight: bold;\" data-do-default=\"\">WOW*<\/span> ones.<\/p>\n<p>And I treat the information in an honest, personalized and truthful way, so that your message effectively reaches my community.[\/vc_column_text][vc_empty_space height=&#8221;21px&#8221;][vc_empty_space height=&#8221;40px&#8221; el_class=&#8221;vc_hidden-sm vc_hidden-xs&#8221;][vc_btn title=&#8221;Sponsoring by Eva Ballarin&#8221; style=&#8221;outline&#8221; color=&#8221;black&#8221; size=&#8221;lg&#8221; align=&#8221;center&#8221; i_icon_fontawesome=&#8221;fa fa-handshake-o&#8221; button_block=&#8221;true&#8221; add_icon=&#8221;true&#8221; link=&#8221;url:http%3A%2F%2Fwww.evaballarin.com%2Fen%2Fhiring%2Fsponsoring%2F|title:Sponsoring%20by%20Eva%20Ballarin||&#8221;][vc_empty_space height=&#8221;60px&#8221;][\/vc_column][\/vc_row]<\/p>\n<\/section>","protected":false},"excerpt":{"rendered":"<p>[vc_row css=&#8221;.vc_custom_1568822301435{padding-top: 30px !important;padding-bottom: 30px !important;}&#8221;][vc_column width=&#8221;1\/3&#8243;][vc_column_text] What can I do for your event? Contribute with a fresh and inspirational WOW* keynote, round table or debate. For&#8230; Event Organizers and Agencies Speakers Agencies Business Schools Horeca Organizations [\/vc_column_text][vc_empty_space height=&#8221;53px&#8221;][vc_btn title=&#8221;Eva Ballarin\u2019s Talks Brochure&#8221; style=&#8221;outline&#8221; color=&#8221;black&#8221; size=&#8221;lg&#8221; align=&#8221;center&#8221; i_icon_fontawesome=&#8221;fa fa-commenting-o&#8221; button_block=&#8221;true&#8221; add_icon=&#8221;true&#8221; link=&#8221;url:http%3A%2F%2Fwww.evaballarin.com%2Fen%2Fhiring%2Fkeynotes-workshops%2F|title:Talks%20by%20Eva%20Ballarin||&#8221;][vc_empty_space height=&#8221;60px&#8221;][\/vc_column][vc_column width=&#8221;1\/3&#8243;][vc_column_text] What [&hellip;] <a class=\"g1-link g1-link-more\" href=\"https:\/\/www.evaballarin.com\/en\/hiring\/\">More<\/a><\/p>\n","protected":false},"author":4,"featured_media":23328,"parent":0,"menu_order":0,"comment_status":"closed","ping_status":"closed","template":"g1-template-page-full.php","meta":{"footnotes":""},"class_list":["post-24580","page","type-page","status-publish","has-post-thumbnail"],"yoast_head":"<!-- This site is optimized with the Yoast SEO plugin v27.4 - https:\/\/yoast.com\/product\/yoast-seo-wordpress\/ -->\n<title>Speaking, Consulting and Sponsoring services by Eva Ballarin<\/title>\n<meta name=\"description\" content=\"I can participate as a speaker in your event, give a strategic workshop for your company or design a personalized consulting. Contact me right now!\" \/>\n<meta name=\"robots\" content=\"noindex, nofollow\" \/>\n<meta property=\"og:locale\" content=\"en_US\" \/>\n<meta property=\"og:type\" content=\"article\" \/>\n<meta property=\"og:title\" content=\"Speaking, Consulting and Sponsoring services by Eva Ballarin\" \/>\n<meta property=\"og:description\" content=\"I can participate as a speaker in your event, give a strategic workshop for your company or design a personalized consulting. Contact me right now!\" \/>\n<meta property=\"og:url\" content=\"https:\/\/www.evaballarin.com\/en\/hiring\/\" \/>\n<meta property=\"og:site_name\" content=\"Eva Ballarin\" \/>\n<meta property=\"article:publisher\" content=\"https:\/\/www.facebook.com\/Eva.Ballarin.Genius\" \/>\n<meta property=\"article:modified_time\" content=\"2019-12-19T17:50:49+00:00\" \/>\n<meta property=\"og:image\" content=\"https:\/\/www.evaballarin.com\/wp-content\/uploads\/2019\/12\/fondo-contratacionEBc-1.jpg\" \/>\n\t<meta property=\"og:image:width\" content=\"1152\" \/>\n\t<meta property=\"og:image:height\" content=\"768\" \/>\n\t<meta property=\"og:image:type\" content=\"image\/jpeg\" \/>\n<meta name=\"twitter:card\" content=\"summary_large_image\" \/>\n<meta name=\"twitter:site\" content=\"@evaballarin\" \/>\n<script type=\"application\/ld+json\" class=\"yoast-schema-graph\">{\"@context\":\"https:\\\/\\\/schema.org\",\"@graph\":[{\"@type\":\"WebPage\",\"@id\":\"https:\\\/\\\/www.evaballarin.com\\\/en\\\/hiring\\\/\",\"url\":\"https:\\\/\\\/www.evaballarin.com\\\/en\\\/hiring\\\/\",\"name\":\"Speaking, Consulting and Sponsoring services by Eva Ballarin\",\"isPartOf\":{\"@id\":\"https:\\\/\\\/www.evaballarin.com\\\/en\\\/#website\"},\"primaryImageOfPage\":{\"@id\":\"https:\\\/\\\/www.evaballarin.com\\\/en\\\/hiring\\\/#primaryimage\"},\"image\":{\"@id\":\"https:\\\/\\\/www.evaballarin.com\\\/en\\\/hiring\\\/#primaryimage\"},\"thumbnailUrl\":\"https:\\\/\\\/www.evaballarin.com\\\/wp-content\\\/uploads\\\/2019\\\/12\\\/fondo-contratacionEBc-1.jpg\",\"datePublished\":\"2019-12-19T12:38:09+00:00\",\"dateModified\":\"2019-12-19T17:50:49+00:00\",\"description\":\"I can participate as a speaker in your event, give a strategic workshop for your company or design a personalized consulting. Contact me right now!\",\"breadcrumb\":{\"@id\":\"https:\\\/\\\/www.evaballarin.com\\\/en\\\/hiring\\\/#breadcrumb\"},\"inLanguage\":\"en-US\",\"potentialAction\":[{\"@type\":\"ReadAction\",\"target\":[\"https:\\\/\\\/www.evaballarin.com\\\/en\\\/hiring\\\/\"]}]},{\"@type\":\"ImageObject\",\"inLanguage\":\"en-US\",\"@id\":\"https:\\\/\\\/www.evaballarin.com\\\/en\\\/hiring\\\/#primaryimage\",\"url\":\"https:\\\/\\\/www.evaballarin.com\\\/wp-content\\\/uploads\\\/2019\\\/12\\\/fondo-contratacionEBc-1.jpg\",\"contentUrl\":\"https:\\\/\\\/www.evaballarin.com\\\/wp-content\\\/uploads\\\/2019\\\/12\\\/fondo-contratacionEBc-1.jpg\",\"width\":1152,\"height\":768,\"caption\":\"Hiring Eva Ballarin\"},{\"@type\":\"BreadcrumbList\",\"@id\":\"https:\\\/\\\/www.evaballarin.com\\\/en\\\/hiring\\\/#breadcrumb\",\"itemListElement\":[{\"@type\":\"ListItem\",\"position\":1,\"name\":\"Home\",\"item\":\"https:\\\/\\\/www.evaballarin.com\\\/en\\\/\"},{\"@type\":\"ListItem\",\"position\":2,\"name\":\"Hiring\"}]},{\"@type\":\"WebSite\",\"@id\":\"https:\\\/\\\/www.evaballarin.com\\\/en\\\/#website\",\"url\":\"https:\\\/\\\/www.evaballarin.com\\\/en\\\/\",\"name\":\"Eva Ballarin\",\"description\":\"Investigadora independiente de tendencias, innovaci\u00f3n y estrategia.\",\"publisher\":{\"@id\":\"https:\\\/\\\/www.evaballarin.com\\\/en\\\/#\\\/schema\\\/person\\\/b449ed8646d1b5c92ce28990f3af68d5\"},\"potentialAction\":[{\"@type\":\"SearchAction\",\"target\":{\"@type\":\"EntryPoint\",\"urlTemplate\":\"https:\\\/\\\/www.evaballarin.com\\\/en\\\/?s={search_term_string}\"},\"query-input\":{\"@type\":\"PropertyValueSpecification\",\"valueRequired\":true,\"valueName\":\"search_term_string\"}}],\"inLanguage\":\"en-US\"},{\"@type\":[\"Person\",\"Organization\"],\"@id\":\"https:\\\/\\\/www.evaballarin.com\\\/en\\\/#\\\/schema\\\/person\\\/b449ed8646d1b5c92ce28990f3af68d5\",\"name\":\"Eva Ballarin\",\"image\":{\"@type\":\"ImageObject\",\"inLanguage\":\"en-US\",\"@id\":\"https:\\\/\\\/www.evaballarin.com\\\/wp-content\\\/uploads\\\/2017\\\/05\\\/01-1.jpg\",\"url\":\"https:\\\/\\\/www.evaballarin.com\\\/wp-content\\\/uploads\\\/2017\\\/05\\\/01-1.jpg\",\"contentUrl\":\"https:\\\/\\\/www.evaballarin.com\\\/wp-content\\\/uploads\\\/2017\\\/05\\\/01-1.jpg\",\"width\":1200,\"height\":1200,\"caption\":\"Eva Ballarin\"},\"logo\":{\"@id\":\"https:\\\/\\\/www.evaballarin.com\\\/wp-content\\\/uploads\\\/2017\\\/05\\\/01-1.jpg\"},\"description\":\"Llevo 35 a\u00f1os en Turismo, HORECA y MICE, y pasando por T\u00fanez, Espa\u00f1a y M\u00e9xico, he sido directora en hoteles, restaurantes, un campo de golf y hasta un museo, aprendiendo lo que nadie te ense\u00f1a en los manuales: c\u00f3mo se dise\u00f1a un concepto, c\u00f3mo se crean experiencias, c\u00f3mo se opera un negocio y c\u00f3mo se lidera bajo presi\u00f3n. En 2010 me reinvent\u00e9 como consultora estrat\u00e9gica, docente y creadora de contenido, y he formado a cientos de profesionales de todo el mundo en las mejores escuelas. En paralelo me sub\u00ed a escenarios de medio mundo como conferenciante, imparti mil workshops, escrib\u00ed m\u00e1s de 900 art\u00edculos, publiqu\u00e9 un libro, co-escrib\u00ed otros tres y hasta lanc\u00e9 mi propio podcast\u2026 hasta convertirme en una de las voces m\u00e1s influyentes en Espa\u00f1a. Soy Top Voice en Linkedin, Miembro del Consejo Nacional de Turismo y una de las 150 profesionales m\u00e1s influyentes del Turismo. He dise\u00f1ado y dirigido congresos internacionales incre\u00edbles como HIP Madrid (2017 - 2021), y soy asesora estrat\u00e9gica para los congresos de ExpoHoreca Honduras, ExpoHoreca Panama, ExpoHoreca Guatemala y HORECA Hub den Alimentaria-Hostelco Barcelona. Como emprendedora fund\u00e9 IdeaFaktory en M\u00e9xico (2005); de vuelta en Espa\u00f1a fund\u00e9 EATapp (2009) que fu\u00e9 un absoluto fracaso empresarial del que aprend\u00ed m\u00e1s que en mil masters; funde evaballar\u00edn (2010) y co-fund\u00e9 Tanit Ibiza Conexi\u00f3n (2021), un proyecto que impulsa el talento femenino. Despu\u00e9s de estos miles de kil\u00f3metros recorridos y un postgrado especializado en Liderazgo en la Universidad de Stanford (2022), mi prop\u00f3sito es claro: ayudarte a liderar mejor tu negocio y vivir en equilibrio. Y lo hago bajo mi utimo proyecto, HORECAlity.\",\"sameAs\":[\"https:\\\/\\\/www.evaballarin.com\",\"https:\\\/\\\/www.facebook.com\\\/Eva.Ballarin.Genius\",\"https:\\\/\\\/www.instagram.com\\\/evaballarinofficial\\\/\",\"https:\\\/\\\/www.linkedin.com\\\/in\\\/evaballarin\\\/\",\"https:\\\/\\\/www.pinterest.es\\\/evaballarin\\\/\",\"https:\\\/\\\/x.com\\\/evaballarin\",\"https:\\\/\\\/www.youtube.com\\\/user\\\/thequeenblog\"]}]}<\/script>\n<!-- \/ Yoast SEO plugin. -->","yoast_head_json":{"title":"Speaking, Consulting and Sponsoring services by Eva Ballarin","description":"I can participate as a speaker in your event, give a strategic workshop for your company or design a personalized consulting. Contact me right now!","robots":{"index":"noindex","follow":"nofollow"},"og_locale":"en_US","og_type":"article","og_title":"Speaking, Consulting and Sponsoring services by Eva Ballarin","og_description":"I can participate as a speaker in your event, give a strategic workshop for your company or design a personalized consulting. Contact me right now!","og_url":"https:\/\/www.evaballarin.com\/en\/hiring\/","og_site_name":"Eva Ballarin","article_publisher":"https:\/\/www.facebook.com\/Eva.Ballarin.Genius","article_modified_time":"2019-12-19T17:50:49+00:00","og_image":[{"width":1152,"height":768,"url":"https:\/\/www.evaballarin.com\/wp-content\/uploads\/2019\/12\/fondo-contratacionEBc-1.jpg","type":"image\/jpeg"}],"twitter_card":"summary_large_image","twitter_site":"@evaballarin","schema":{"@context":"https:\/\/schema.org","@graph":[{"@type":"WebPage","@id":"https:\/\/www.evaballarin.com\/en\/hiring\/","url":"https:\/\/www.evaballarin.com\/en\/hiring\/","name":"Speaking, Consulting and Sponsoring services by Eva Ballarin","isPartOf":{"@id":"https:\/\/www.evaballarin.com\/en\/#website"},"primaryImageOfPage":{"@id":"https:\/\/www.evaballarin.com\/en\/hiring\/#primaryimage"},"image":{"@id":"https:\/\/www.evaballarin.com\/en\/hiring\/#primaryimage"},"thumbnailUrl":"https:\/\/www.evaballarin.com\/wp-content\/uploads\/2019\/12\/fondo-contratacionEBc-1.jpg","datePublished":"2019-12-19T12:38:09+00:00","dateModified":"2019-12-19T17:50:49+00:00","description":"I can participate as a speaker in your event, give a strategic workshop for your company or design a personalized consulting. Contact me right now!","breadcrumb":{"@id":"https:\/\/www.evaballarin.com\/en\/hiring\/#breadcrumb"},"inLanguage":"en-US","potentialAction":[{"@type":"ReadAction","target":["https:\/\/www.evaballarin.com\/en\/hiring\/"]}]},{"@type":"ImageObject","inLanguage":"en-US","@id":"https:\/\/www.evaballarin.com\/en\/hiring\/#primaryimage","url":"https:\/\/www.evaballarin.com\/wp-content\/uploads\/2019\/12\/fondo-contratacionEBc-1.jpg","contentUrl":"https:\/\/www.evaballarin.com\/wp-content\/uploads\/2019\/12\/fondo-contratacionEBc-1.jpg","width":1152,"height":768,"caption":"Hiring Eva Ballarin"},{"@type":"BreadcrumbList","@id":"https:\/\/www.evaballarin.com\/en\/hiring\/#breadcrumb","itemListElement":[{"@type":"ListItem","position":1,"name":"Home","item":"https:\/\/www.evaballarin.com\/en\/"},{"@type":"ListItem","position":2,"name":"Hiring"}]},{"@type":"WebSite","@id":"https:\/\/www.evaballarin.com\/en\/#website","url":"https:\/\/www.evaballarin.com\/en\/","name":"Eva Ballarin","description":"Investigadora independiente de tendencias, innovaci\u00f3n y estrategia.","publisher":{"@id":"https:\/\/www.evaballarin.com\/en\/#\/schema\/person\/b449ed8646d1b5c92ce28990f3af68d5"},"potentialAction":[{"@type":"SearchAction","target":{"@type":"EntryPoint","urlTemplate":"https:\/\/www.evaballarin.com\/en\/?s={search_term_string}"},"query-input":{"@type":"PropertyValueSpecification","valueRequired":true,"valueName":"search_term_string"}}],"inLanguage":"en-US"},{"@type":["Person","Organization"],"@id":"https:\/\/www.evaballarin.com\/en\/#\/schema\/person\/b449ed8646d1b5c92ce28990f3af68d5","name":"Eva Ballarin","image":{"@type":"ImageObject","inLanguage":"en-US","@id":"https:\/\/www.evaballarin.com\/wp-content\/uploads\/2017\/05\/01-1.jpg","url":"https:\/\/www.evaballarin.com\/wp-content\/uploads\/2017\/05\/01-1.jpg","contentUrl":"https:\/\/www.evaballarin.com\/wp-content\/uploads\/2017\/05\/01-1.jpg","width":1200,"height":1200,"caption":"Eva Ballarin"},"logo":{"@id":"https:\/\/www.evaballarin.com\/wp-content\/uploads\/2017\/05\/01-1.jpg"},"description":"Llevo 35 a\u00f1os en Turismo, HORECA y MICE, y pasando por T\u00fanez, Espa\u00f1a y M\u00e9xico, he sido directora en hoteles, restaurantes, un campo de golf y hasta un museo, aprendiendo lo que nadie te ense\u00f1a en los manuales: c\u00f3mo se dise\u00f1a un concepto, c\u00f3mo se crean experiencias, c\u00f3mo se opera un negocio y c\u00f3mo se lidera bajo presi\u00f3n. En 2010 me reinvent\u00e9 como consultora estrat\u00e9gica, docente y creadora de contenido, y he formado a cientos de profesionales de todo el mundo en las mejores escuelas. En paralelo me sub\u00ed a escenarios de medio mundo como conferenciante, imparti mil workshops, escrib\u00ed m\u00e1s de 900 art\u00edculos, publiqu\u00e9 un libro, co-escrib\u00ed otros tres y hasta lanc\u00e9 mi propio podcast\u2026 hasta convertirme en una de las voces m\u00e1s influyentes en Espa\u00f1a. Soy Top Voice en Linkedin, Miembro del Consejo Nacional de Turismo y una de las 150 profesionales m\u00e1s influyentes del Turismo. He dise\u00f1ado y dirigido congresos internacionales incre\u00edbles como HIP Madrid (2017 - 2021), y soy asesora estrat\u00e9gica para los congresos de ExpoHoreca Honduras, ExpoHoreca Panama, ExpoHoreca Guatemala y HORECA Hub den Alimentaria-Hostelco Barcelona. Como emprendedora fund\u00e9 IdeaFaktory en M\u00e9xico (2005); de vuelta en Espa\u00f1a fund\u00e9 EATapp (2009) que fu\u00e9 un absoluto fracaso empresarial del que aprend\u00ed m\u00e1s que en mil masters; funde evaballar\u00edn (2010) y co-fund\u00e9 Tanit Ibiza Conexi\u00f3n (2021), un proyecto que impulsa el talento femenino. Despu\u00e9s de estos miles de kil\u00f3metros recorridos y un postgrado especializado en Liderazgo en la Universidad de Stanford (2022), mi prop\u00f3sito es claro: ayudarte a liderar mejor tu negocio y vivir en equilibrio. Y lo hago bajo mi utimo proyecto, HORECAlity.","sameAs":["https:\/\/www.evaballarin.com","https:\/\/www.facebook.com\/Eva.Ballarin.Genius","https:\/\/www.instagram.com\/evaballarinofficial\/","https:\/\/www.linkedin.com\/in\/evaballarin\/","https:\/\/www.pinterest.es\/evaballarin\/","https:\/\/x.com\/evaballarin","https:\/\/www.youtube.com\/user\/thequeenblog"]}]}},"wps_subtitle":"If you want me to participate as a speaker in your event, to conduct a strategic workshop for your company or to design a personalized consulting, email eva@evaballarin.com","amp_enabled":true,"_links":{"self":[{"href":"https:\/\/www.evaballarin.com\/en\/wp-json\/wp\/v2\/pages\/24580","targetHints":{"allow":["GET"]}}],"collection":[{"href":"https:\/\/www.evaballarin.com\/en\/wp-json\/wp\/v2\/pages"}],"about":[{"href":"https:\/\/www.evaballarin.com\/en\/wp-json\/wp\/v2\/types\/page"}],"author":[{"embeddable":true,"href":"https:\/\/www.evaballarin.com\/en\/wp-json\/wp\/v2\/users\/4"}],"replies":[{"embeddable":true,"href":"https:\/\/www.evaballarin.com\/en\/wp-json\/wp\/v2\/comments?post=24580"}],"version-history":[{"count":0,"href":"https:\/\/www.evaballarin.com\/en\/wp-json\/wp\/v2\/pages\/24580\/revisions"}],"wp:featuredmedia":[{"embeddable":true,"href":"https:\/\/www.evaballarin.com\/en\/wp-json\/wp\/v2\/media\/23328"}],"wp:attachment":[{"href":"https:\/\/www.evaballarin.com\/en\/wp-json\/wp\/v2\/media?parent=24580"}],"curies":[{"name":"wp","href":"https:\/\/api.w.org\/{rel}","templated":true}]}}